{"id":702,"date":"2020-09-28T13:24:49","date_gmt":"2020-09-28T13:24:49","guid":{"rendered":"http:\/\/unicoach.wgl-demo.net\/?page_id=702"},"modified":"2023-07-04T14:11:10","modified_gmt":"2023-07-04T14:11:10","slug":"ausbildungsberufe","status":"publish","type":"page","link":"https:\/\/vigeredu.com\/de\/ausbildungsberufe\/","title":{"rendered":"Ausbildungsberufe"},"content":{"rendered":"<div data-elementor-type=\"wp-page\" data-elementor-id=\"702\" class=\"elementor elementor-702\" data-elementor-post-type=\"page\">\n\t\t\t\t\t\t\t\t\t<section class=\"elementor-section elementor-top-section elementor-element elementor-element-839d93f elementor-section-boxed elementor-section-height-default elementor-section-height-default\" data-id=\"839d93f\" data-element_type=\"section\">\n\t\t\t\t\t\t<div class=\"elementor-container elementor-column-gap-default\">\n\t\t\t\t\t<div class=\"elementor-column elementor-col-100 elementor-top-column elementor-element elementor-element-bf476c4\" data-id=\"bf476c4\" data-element_type=\"column\">\n\t\t\t<div class=\"elementor-widget-wrap elementor-element-populated\">\n\t\t\t\t\t\t\t\t<div class=\"elementor-element elementor-element-2172843 elementor-widget elementor-widget-spacer\" data-id=\"2172843\" data-element_type=\"widget\" data-widget_type=\"spacer.default\">\n\t\t\t\t<div class=\"elementor-widget-container\">\n\t\t\t<style>\/*! elementor - v3.14.0 - 18-06-2023 *\/\n.elementor-column .elementor-spacer-inner{height:var(--spacer-size)}.e-con{--container-widget-width:100%}.e-con-inner>.elementor-widget-spacer,.e-con>.elementor-widget-spacer{width:var(--container-widget-width,var(--spacer-size));--align-self:var(--container-widget-align-self,initial);--flex-shrink:0}.e-con-inner>.elementor-widget-spacer>.elementor-widget-container,.e-con-inner>.elementor-widget-spacer>.elementor-widget-container>.elementor-spacer,.e-con>.elementor-widget-spacer>.elementor-widget-container,.e-con>.elementor-widget-spacer>.elementor-widget-container>.elementor-spacer{height:100%}.e-con-inner>.elementor-widget-spacer>.elementor-widget-container>.elementor-spacer>.elementor-spacer-inner,.e-con>.elementor-widget-spacer>.elementor-widget-container>.elementor-spacer>.elementor-spacer-inner{height:var(--container-widget-height,var(--spacer-size))}<\/style>\t\t<div class=\"elementor-spacer\">\n\t\t\t<div class=\"elementor-spacer-inner\"><\/div>\n\t\t<\/div>\n\t\t\t\t<\/div>\n\t\t\t\t<\/div>\n\t\t\t\t\t<\/div>\n\t\t<\/div>\n\t\t\t\t\t\t\t<\/div>\n\t\t<\/section>\n\t\t\t\t<section class=\"elementor-section elementor-top-section elementor-element elementor-element-e23ce40 elementor-section-boxed elementor-section-height-default elementor-section-height-default\" data-id=\"e23ce40\" data-element_type=\"section\">\n\t\t\t\t\t\t<div class=\"elementor-container elementor-column-gap-default\">\n\t\t\t\t\t<div class=\"elementor-column elementor-col-100 elementor-top-column elementor-element elementor-element-899a9f7\" data-id=\"899a9f7\" data-element_type=\"column\">\n\t\t\t<div class=\"elementor-widget-wrap elementor-element-populated\">\n\t\t\t\t\t\t\t\t<div class=\"elementor-element elementor-element-e59a191 acenter elementor-widget elementor-widget-wgl-double-headings\" data-id=\"e59a191\" data-element_type=\"widget\" data-widget_type=\"wgl-double-headings.default\">\n\t\t\t\t<div class=\"elementor-widget-container\">\n\t\t\t<div class=\"wgl-double_heading\"><div class=\"dbl__subtitle\"><span>Ausbildung in Deutschland<\/span><\/div><h3 class=\"dbl__title-wrapper\"><span class=\"dbl__title dbl-title_1\">Top-Ausbildungsberufe in Deutschland<\/span><\/h3><\/div>\t\t<\/div>\n\t\t\t\t<\/div>\n\t\t\t\t\t<\/div>\n\t\t<\/div>\n\t\t\t\t\t\t\t<\/div>\n\t\t<\/section>\n\t\t\t\t<section class=\"elementor-section elementor-top-section elementor-element elementor-element-4a6f0af elementor-section-boxed elementor-section-height-default elementor-section-height-default\" data-id=\"4a6f0af\" data-element_type=\"section\">\n\t\t\t\t\t\t<div class=\"elementor-container elementor-column-gap-default\">\n\t\t\t\t\t<div class=\"elementor-column elementor-col-100 elementor-top-column elementor-element elementor-element-6100b6f\" data-id=\"6100b6f\" data-element_type=\"column\">\n\t\t\t<div class=\"elementor-widget-wrap elementor-element-populated\">\n\t\t\t\t\t\t\t\t<div class=\"elementor-element elementor-element-4affcd4 elementor-widget elementor-widget-spacer\" data-id=\"4affcd4\" data-element_type=\"widget\" data-widget_type=\"spacer.default\">\n\t\t\t\t<div class=\"elementor-widget-container\">\n\t\t\t\t\t<div class=\"elementor-spacer\">\n\t\t\t<div class=\"elementor-spacer-inner\"><\/div>\n\t\t<\/div>\n\t\t\t\t<\/div>\n\t\t\t\t<\/div>\n\t\t\t\t<div class=\"elementor-element elementor-element-a95afc9 elementor-widget elementor-widget-wgl-portfolio\" data-id=\"a95afc9\" data-element_type=\"widget\" data-widget_type=\"wgl-portfolio.default\">\n\t\t\t\t<div class=\"elementor-widget-container\">\n\t\t\t<section class=\"wgl_cpt_section\"><div class=\"wgl-portfolio\" id=\"portfolio_module_69e0f5ef138fc\"><div class=\"wgl-portfolio_wrapper\"><div class=\"wgl-portfolio_container container-grid row grid col-4\"  style=\"margin-right:-15px; margin-left:-15px; margin-bottom:-30px;\"><article class=\"wgl-portfolio-list_item item\"  style=\"padding-right:15px; padding-left:15px; padding-bottom:30px\"><div class=\"wgl-portfolio-item_wrapper inside_image simple_animation\"><div class=\"wgl-portfolio-item_image\"><img decoding=\"async\" src=\"https:\/\/vigeredu.com\/wp-content\/uploads\/2023\/05\/VIGER-EDU-TEAM-740x740.jpg\" alt=\"\"><\/div><div class=\"wgl-portfolio-item_description\"><div class=\"portfolio__description\"><div class=\"portfolio-item__title\"><h4 class=\"title\"><a href=\"https:\/\/vigeredu.com\/de\/portfolio\/tho-lam-banh\/\" class=\"single_link\">B\u00e4cker\/-In<\/a><\/h4><\/div><\/div><a href=\"https:\/\/vigeredu.com\/de\/portfolio\/tho-lam-banh\/\" class=\"single_link portfolio_link\"><\/a><\/div><div class=\"overlay\"><\/div><\/div><\/article><article class=\"wgl-portfolio-list_item item\"  style=\"padding-right:15px; padding-left:15px; padding-bottom:30px\"><div class=\"wgl-portfolio-item_wrapper inside_image simple_animation\"><div class=\"wgl-portfolio-item_image\"><img decoding=\"async\" src=\"https:\/\/vigeredu.com\/wp-content\/uploads\/2020\/09\/VGE-8-740x740.jpg\" alt=\"\"><\/div><div class=\"wgl-portfolio-item_description\"><div class=\"portfolio__description\"><div class=\"portfolio-item__title\"><h4 class=\"title\"><a href=\"https:\/\/vigeredu.com\/de\/portfolio\/lai-xe-tai\/\" class=\"single_link\">LKW-Fahrer\/-In<\/a><\/h4><\/div><\/div><a href=\"https:\/\/vigeredu.com\/de\/portfolio\/lai-xe-tai\/\" class=\"single_link portfolio_link\"><\/a><\/div><div class=\"overlay\"><\/div><\/div><\/article><article class=\"wgl-portfolio-list_item item\"  style=\"padding-right:15px; padding-left:15px; padding-bottom:30px\"><div class=\"wgl-portfolio-item_wrapper inside_image simple_animation\"><div class=\"wgl-portfolio-item_image\"><img decoding=\"async\" src=\"https:\/\/vigeredu.com\/wp-content\/uploads\/2020\/09\/VGE-7-740x740.jpg\" alt=\"\"><\/div><div class=\"wgl-portfolio-item_description\"><div class=\"portfolio__description\"><div class=\"portfolio-item__title\"><h4 class=\"title\"><a href=\"https:\/\/vigeredu.com\/de\/portfolio\/dieu-duong\/\" class=\"single_link\">Pflegefachmann\/-frau<\/a><\/h4><\/div><\/div><a href=\"https:\/\/vigeredu.com\/de\/portfolio\/dieu-duong\/\" class=\"single_link portfolio_link\"><\/a><\/div><div class=\"overlay\"><\/div><\/div><\/article><article class=\"wgl-portfolio-list_item item\"  style=\"padding-right:15px; padding-left:15px; padding-bottom:30px\"><div class=\"wgl-portfolio-item_wrapper inside_image simple_animation\"><div class=\"wgl-portfolio-item_image\"><img decoding=\"async\" src=\"https:\/\/vigeredu.com\/wp-content\/uploads\/2020\/09\/VGE-6-740x740.jpg\" alt=\"\"><\/div><div class=\"wgl-portfolio-item_description\"><div class=\"portfolio__description\"><div class=\"portfolio-item__title\"><h4 class=\"title\"><a href=\"https:\/\/vigeredu.com\/de\/portfolio\/nha-hang-khach-san\/\" class=\"single_link\">Hotelfachmann\/-Frau<\/a><\/h4><\/div><\/div><a href=\"https:\/\/vigeredu.com\/de\/portfolio\/nha-hang-khach-san\/\" class=\"single_link portfolio_link\"><\/a><\/div><div class=\"overlay\"><\/div><\/div><\/article><article class=\"wgl-portfolio-list_item item\"  style=\"padding-right:15px; padding-left:15px; padding-bottom:30px\"><div class=\"wgl-portfolio-item_wrapper inside_image simple_animation\"><div class=\"wgl-portfolio-item_image\"><img decoding=\"async\" src=\"https:\/\/vigeredu.com\/wp-content\/uploads\/2020\/09\/VGE-9-740x740.jpg\" alt=\"\"><\/div><div class=\"wgl-portfolio-item_description\"><div class=\"portfolio__description\"><div class=\"portfolio-item__title\"><h4 class=\"title\"><a href=\"https:\/\/vigeredu.com\/de\/portfolio\/nhan-vien-sieu-thi\/\" class=\"single_link\">Einzelhandelskaufmann\/-Frau im Supermarkt<\/a><\/h4><\/div><\/div><a href=\"https:\/\/vigeredu.com\/de\/portfolio\/nhan-vien-sieu-thi\/\" class=\"single_link portfolio_link\"><\/a><\/div><div class=\"overlay\"><\/div><\/div><\/article><article class=\"wgl-portfolio-list_item item\"  style=\"padding-right:15px; padding-left:15px; padding-bottom:30px\"><div class=\"wgl-portfolio-item_wrapper inside_image simple_animation\"><div class=\"wgl-portfolio-item_image\"><img decoding=\"async\" src=\"https:\/\/vigeredu.com\/wp-content\/uploads\/2020\/09\/VGE-3-740x740.jpg\" alt=\"\"><\/div><div class=\"wgl-portfolio-item_description\"><div class=\"portfolio__description\"><div class=\"portfolio-item__title\"><h4 class=\"title\"><a href=\"https:\/\/vigeredu.com\/de\/portfolio\/xay-dung\/\" class=\"single_link\">Baufacharbeiter\/-in<\/a><\/h4><\/div><\/div><a href=\"https:\/\/vigeredu.com\/de\/portfolio\/xay-dung\/\" class=\"single_link portfolio_link\"><\/a><\/div><div class=\"overlay\"><\/div><\/div><\/article><article class=\"wgl-portfolio-list_item item\"  style=\"padding-right:15px; padding-left:15px; padding-bottom:30px\"><div class=\"wgl-portfolio-item_wrapper inside_image simple_animation\"><div class=\"wgl-portfolio-item_image\"><img decoding=\"async\" src=\"https:\/\/vigeredu.com\/wp-content\/uploads\/2020\/09\/VGE-1-740x740.jpg\" alt=\"\"><\/div><div class=\"wgl-portfolio-item_description\"><div class=\"portfolio__description\"><div class=\"portfolio-item__title\"><h4 class=\"title\"><a href=\"https:\/\/vigeredu.com\/de\/portfolio\/ky-thuat-cong-nghe-thong-tin\/\" class=\"single_link\">IT-Fachmann\/-Frau<\/a><\/h4><\/div><\/div><a href=\"https:\/\/vigeredu.com\/de\/portfolio\/ky-thuat-cong-nghe-thong-tin\/\" class=\"single_link portfolio_link\"><\/a><\/div><div class=\"overlay\"><\/div><\/div><\/article><article class=\"wgl-portfolio-list_item item\"  style=\"padding-right:15px; padding-left:15px; padding-bottom:30px\"><div class=\"wgl-portfolio-item_wrapper inside_image simple_animation\"><div class=\"wgl-portfolio-item_image\"><img decoding=\"async\" src=\"https:\/\/vigeredu.com\/wp-content\/uploads\/2020\/09\/VGE-740x740.jpg\" alt=\"\"><\/div><div class=\"wgl-portfolio-item_description\"><div class=\"portfolio__description\"><div class=\"portfolio-item__title\"><h4 class=\"title\"><a href=\"https:\/\/vigeredu.com\/de\/portfolio\/dien-xanh-dien-cong-nghiep\/\" class=\"single_link\">Elektriker\/-In<\/a><\/h4><\/div><\/div><a href=\"https:\/\/vigeredu.com\/de\/portfolio\/dien-xanh-dien-cong-nghiep\/\" class=\"single_link portfolio_link\"><\/a><\/div><div class=\"overlay\"><\/div><\/div><\/article><\/div><\/div><\/div><\/section>\t\t<\/div>\n\t\t\t\t<\/div>\n\t\t\t\t<div class=\"elementor-element elementor-element-4e00a8c elementor-widget elementor-widget-spacer\" data-id=\"4e00a8c\" data-element_type=\"widget\" data-widget_type=\"spacer.default\">\n\t\t\t\t<div class=\"elementor-widget-container\">\n\t\t\t\t\t<div class=\"elementor-spacer\">\n\t\t\t<div class=\"elementor-spacer-inner\"><\/div>\n\t\t<\/div>\n\t\t\t\t<\/div>\n\t\t\t\t<\/div>\n\t\t\t\t\t<\/div>\n\t\t<\/div>\n\t\t\t\t\t\t\t<\/div>\n\t\t<\/section>\n\t\t\t\t<section class=\"elementor-section elementor-top-section elementor-element elementor-element-d7d6426 elementor-section-boxed elementor-section-height-default elementor-section-height-default\" data-id=\"d7d6426\" data-element_type=\"section\">\n\t\t\t\t\t\t<div class=\"elementor-container elementor-column-gap-default\">\n\t\t\t\t\t<div class=\"elementor-column elementor-col-100 elementor-top-column elementor-element elementor-element-a0964e5\" data-id=\"a0964e5\" data-element_type=\"column\">\n\t\t\t<div class=\"elementor-widget-wrap elementor-element-populated\">\n\t\t\t\t\t\t\t\t<div class=\"elementor-element elementor-element-bee5db9 elementor-widget elementor-widget-spacer\" data-id=\"bee5db9\" data-element_type=\"widget\" data-widget_type=\"spacer.default\">\n\t\t\t\t<div class=\"elementor-widget-container\">\n\t\t\t\t\t<div class=\"elementor-spacer\">\n\t\t\t<div class=\"elementor-spacer-inner\"><\/div>\n\t\t<\/div>\n\t\t\t\t<\/div>\n\t\t\t\t<\/div>\n\t\t\t\t\t<\/div>\n\t\t<\/div>\n\t\t\t\t\t\t\t<\/div>\n\t\t<\/section>\n\t\t\t\t\t\t\t<\/div>","protected":false},"excerpt":{"rendered":"<p>Du h\u1ecdc ngh\u1ec1 t\u1ea1i \u0110\u1ee9c C\u00e1c ng\u00e0nh ngh\u1ec1 du h\u1ecdc ngh\u1ec1 hot nh\u1ea5t t\u1ea1i \u0110\u1ee9c Th\u1ee3 l\u00e0m b\u00e1nh L\u00e1i xe [&hellip;]<\/p>","protected":false},"author":2,"featured_media":0,"parent":0,"menu_order":0,"comment_status":"closed","ping_status":"closed","template":"","meta":{"footnotes":""},"class_list":["post-702","page","type-page","status-publish","hentry"],"_links":{"self":[{"href":"https:\/\/vigeredu.com\/de\/wp-json\/wp\/v2\/pages\/702","targetHints":{"allow":["GET"]}}],"collection":[{"href":"https:\/\/vigeredu.com\/de\/wp-json\/wp\/v2\/pages"}],"about":[{"href":"https:\/\/vigeredu.com\/de\/wp-json\/wp\/v2\/types\/page"}],"author":[{"embeddable":true,"href":"https:\/\/vigeredu.com\/de\/wp-json\/wp\/v2\/users\/2"}],"replies":[{"embeddable":true,"href":"https:\/\/vigeredu.com\/de\/wp-json\/wp\/v2\/comments?post=702"}],"version-history":[{"count":22,"href":"https:\/\/vigeredu.com\/de\/wp-json\/wp\/v2\/pages\/702\/revisions"}],"predecessor-version":[{"id":5514,"href":"https:\/\/vigeredu.com\/de\/wp-json\/wp\/v2\/pages\/702\/revisions\/5514"}],"wp:attachment":[{"href":"https:\/\/vigeredu.com\/de\/wp-json\/wp\/v2\/media?parent=702"}],"curies":[{"name":"wp","href":"https:\/\/api.w.org\/{rel}","templated":true}]}}